{"id":182,"date":"2023-02-08T13:58:13","date_gmt":"2023-02-08T13:58:13","guid":{"rendered":"http:\/\/valoremelseuimmoble.com\/?page_id=182"},"modified":"2023-02-21T11:41:22","modified_gmt":"2023-02-21T11:41:22","slug":"home","status":"publish","type":"page","link":"https:\/\/valoremelseuimmoble.com\/ca\/","title":{"rendered":"Home"},"content":{"rendered":"<div class=\"wpb-content-wrapper\"><p>[vc_row full_width=&#8221;stretch_row_content&#8221; parallax=&#8221;content-moving&#8221; parallax_image=&#8221;31&#8243;][vc_column css=&#8221;.vc_custom_1675691172944{padding-left: 10% !important;}&#8221; offset=&#8221;vc_hidden-sm vc_hidden-xs&#8221;][vc_empty_space height=&#8221;182px&#8221;][vc_column_text]<\/p>\n<h1 style=\"font-size: 50px;\"><span style=\"color: #ffffff;\">Especialistes en valoracions<\/span><br \/>\n<span style=\"color: #ffffff;\">i assessorament immobiliari<\/span><\/h1>\n<p>[\/vc_column_text][vc_btn title=&#8221;Calcula el valor del teu habitatge&#8221; style=&#8221;outline-custom&#8221; outline_custom_color=&#8221;#ffffff&#8221; outline_custom_hover_background=&#8221;#004151&#8243; outline_custom_hover_text=&#8221;#ffffff&#8221; size=&#8221;lg&#8221; i_icon_fontawesome=&#8221;fas fa-play&#8221; add_icon=&#8221;true&#8221; link=&#8221;url:%2Fca%2Fvalora-el-teu-immoble%2F&#8221;][vc_empty_space height=&#8221;232px&#8221;][\/vc_column][\/vc_row][vc_row full_width=&#8221;stretch_row_content&#8221; parallax=&#8221;content-moving&#8221; parallax_image=&#8221;31&#8243;][vc_column offset=&#8221;vc_hidden-lg vc_hidden-md&#8221;][vc_empty_space height=&#8221;62px&#8221;][vc_column_text]<\/p>\n<h1 style=\"text-align: center; font-size: 40px;\"><span style=\"color: #ffffff;\">Especialistes en valoracions<\/span><br \/>\n<span style=\"color: #ffffff;\">i assessorament immobiliari<\/span><\/h1>\n<p>[\/vc_column_text][vc_btn title=&#8221;Calcula el valor del teu habitatge&#8221; style=&#8221;custom&#8221; custom_background=&#8221;#004151&#8243; custom_text=&#8221;#ffffff&#8221; size=&#8221;lg&#8221; align=&#8221;center&#8221; i_icon_fontawesome=&#8221;fas fa-play&#8221; add_icon=&#8221;true&#8221; link=&#8221;url:%2Fca%2Fvalora-el-teu-immoble%2F&#8221;][vc_empty_space height=&#8221;122px&#8221;][\/vc_column][\/vc_row][vc_row][vc_column][vc_empty_space height=&#8221;82px&#8221;][\/vc_column][\/vc_row][vc_row][vc_column][vc_column_text]<\/p>\n<h2 style=\"text-align: center;\"><span style=\"color: #146266; font-size: 50px;\">Valorar el teu habitatge mai havia estat tan f\u00e0cil<\/span><\/h2>\n<p style=\"text-align: justify;\"><strong>Valorem el teu immoble en l\u00ednia sense comprom\u00eds<\/strong> sol\u00b7licitant-te algunes dades per a poder fer la taxaci\u00f3 d&#8217;una forma \u00e0gil i pr\u00e0ctica per als nostres clients. Mitjan\u00e7ant les dades proporcionades, realitzem una comparaci\u00f3 amb immobles de caracter\u00edstiques similars en la zona, <strong>analitzem l&#8217;evoluci\u00f3 dels preus del mercat<\/strong> i realitzem una <strong>estimaci\u00f3 del preu de venda i lloguer<\/strong> per a l&#8217;immoble a analitzar. Valorar el teu immoble a trav\u00e9s de la nostra p\u00e0gina web \u00e9s molt f\u00e0cil i <strong>el nostre equip est\u00e0 a la teva disposici\u00f3<\/strong> per a ajudar-te. A m\u00e9s, pots contactar amb nosaltres si necessites un <strong>assessorament personalitzat<\/strong>.<\/p>\n<p>[\/vc_column_text][\/vc_column][\/vc_row][vc_row][vc_column][vc_empty_space height=&#8221;102px&#8221;][\/vc_column][\/vc_row][vc_row][vc_column width=&#8221;1\/4&#8243;][vc_single_image image=&#8221;129&#8243; img_size=&#8221;full&#8221; alignment=&#8221;center&#8221;][vc_column_text css=&#8221;.vc_custom_1675864177217{margin-top: -5% !important;}&#8221;]<\/p>\n<h3 style=\"text-align: center;\">Recopilaci\u00f3<br \/>\nde <strong>dades<\/strong><br \/>\nde l&#8217;immoble<\/h3>\n<p>[\/vc_column_text][vc_empty_space][\/vc_column][vc_column width=&#8221;1\/4&#8243;][vc_single_image image=&#8221;132&#8243; img_size=&#8221;full&#8221; alignment=&#8221;center&#8221;][vc_column_text css=&#8221;.vc_custom_1675864192395{margin-top: -5% !important;}&#8221;]<\/p>\n<h3 style=\"text-align: center;\"><strong>Comparem<\/strong><br \/>\nimmobles similars<br \/>\nde la zona<\/h3>\n<p>[\/vc_column_text][vc_empty_space][\/vc_column][vc_column width=&#8221;1\/4&#8243;][vc_single_image image=&#8221;130&#8243; img_size=&#8221;full&#8221; alignment=&#8221;center&#8221;][vc_column_text css=&#8221;.vc_custom_1675864549581{margin-top: -5% !important;}&#8221;]<\/p>\n<h3 style=\"text-align: center;\">Analitzem l&#8217;evoluci\u00f3<br \/>\ndel preu<br \/>\nde <strong>mercat<\/strong><\/h3>\n<p>[\/vc_column_text][vc_empty_space][\/vc_column][vc_column width=&#8221;1\/4&#8243;][vc_single_image image=&#8221;131&#8243; img_size=&#8221;full&#8221; alignment=&#8221;center&#8221;][vc_column_text css=&#8221;.vc_custom_1675864566261{margin-top: -5% !important;}&#8221;]<\/p>\n<h3 style=\"text-align: center;\">Estimaci\u00f3 del preu<br \/>\nde venda<br \/>\ni lloguer<\/h3>\n<p>[\/vc_column_text][\/vc_column][\/vc_row][vc_row][vc_column][vc_empty_space height=&#8221;82px&#8221;][\/vc_column][\/vc_row][vc_row][vc_column][vc_column_text]<\/p>\n<h4><span style=\"color: #146266; font-size: 50px;\">Perqu\u00e8 necessites taxar en l\u00ednia el teu habitatge<\/span><\/h4>\n<p>[\/vc_column_text][\/vc_column][\/vc_row][vc_row full_width=&#8221;stretch_row_content&#8221; css=&#8221;.vc_custom_1675764954315{background-color: #c7e0e1 !important;}&#8221;][vc_column][vc_empty_space height=&#8221;62px&#8221;][vc_row_inner css=&#8221;.vc_custom_1675764974591{margin-right: 5% !important;margin-left: 5% !important;}&#8221;][vc_column_inner width=&#8221;1\/4&#8243;][vc_icon icon_fontawesome=&#8221;fas fa-home&#8221; color=&#8221;custom&#8221; size=&#8221;xl&#8221; align=&#8221;center&#8221; custom_color=&#8221;#146266&#8243;][vc_column_text css=&#8221;.vc_custom_1676549366062{margin-right: 5% !important;margin-left: 5% !important;padding-right: 5% !important;padding-bottom: 5% !important;padding-left: 5% !important;background-position: center !important;background-repeat: no-repeat !important;background-size: cover !important;border-radius: 15px !important;}&#8221;]<\/p>\n<h3 style=\"text-align: center;\">Si vols<br \/>\n<strong>comprar o<\/strong><br \/>\n<strong>llogar<\/strong><br \/>\nun immoble<\/h3>\n<p>[\/vc_column_text][\/vc_column_inner][vc_column_inner width=&#8221;1\/4&#8243;][vc_icon icon_fontawesome=&#8221;fas fa-hand-holding-usd&#8221; color=&#8221;custom&#8221; size=&#8221;xl&#8221; align=&#8221;center&#8221; custom_color=&#8221;#146266&#8243;][vc_column_text css=&#8221;.vc_custom_1676549379543{margin-right: 5% !important;margin-left: 5% !important;padding-right: 5% !important;padding-bottom: 5% !important;padding-left: 5% !important;background-position: center !important;background-repeat: no-repeat !important;background-size: cover !important;border-radius: 15px !important;}&#8221;]<\/p>\n<h3 style=\"text-align: center;\">Si vols<br \/>\n<strong>vendre<\/strong><br \/>\nun immoble<\/h3>\n<p>[\/vc_column_text][\/vc_column_inner][vc_column_inner width=&#8221;1\/4&#8243;][vc_icon icon_fontawesome=&#8221;fas fa-city&#8221; color=&#8221;custom&#8221; size=&#8221;xl&#8221; align=&#8221;center&#8221; custom_color=&#8221;#146266&#8243;][vc_column_text css=&#8221;.vc_custom_1676549392333{margin-right: 5% !important;margin-left: 5% !important;padding-right: 5% !important;padding-bottom: 5% !important;padding-left: 5% !important;background-position: center !important;background-repeat: no-repeat !important;background-size: cover !important;border-radius: 15px !important;}&#8221;]<\/p>\n<h3 style=\"text-align: center;\">Si vols posar<br \/>\n<strong>el teu immoble<\/strong><br \/>\n<strong>en lloguer<\/strong><\/h3>\n<p>[\/vc_column_text][\/vc_column_inner][vc_column_inner width=&#8221;1\/4&#8243;][vc_icon icon_fontawesome=&#8221;fas fa-question&#8221; color=&#8221;custom&#8221; size=&#8221;xl&#8221; align=&#8221;center&#8221; custom_color=&#8221;#146266&#8243;][vc_column_text css=&#8221;.vc_custom_1676549403292{margin-right: 5% !important;margin-left: 5% !important;padding-right: 5% !important;padding-bottom: 5% !important;padding-left: 5% !important;background-position: center !important;background-repeat: no-repeat !important;background-size: cover !important;border-radius: 15px !important;}&#8221;]<\/p>\n<h3 style=\"text-align: center;\">Si dubtes entre<br \/>\n<strong>vendre<\/strong><br \/>\n<strong>o llogar<\/strong><br \/>\nel teu habitatge<\/h3>\n<p>[\/vc_column_text][\/vc_column_inner][\/vc_row_inner][vc_empty_space height=&#8221;62px&#8221;][\/vc_column][\/vc_row][vc_row][vc_column][vc_empty_space height=&#8221;82px&#8221;][\/vc_column][\/vc_row][vc_row gap=&#8221;35&#8243;][vc_column width=&#8221;1\/2&#8243;][vc_single_image image=&#8221;32&#8243; img_size=&#8221;full&#8221;][\/vc_column][vc_column width=&#8221;1\/2&#8243;][vc_column_text]<\/p>\n<h5>SOL\u00b7LICITA INFORMACI\u00d3<\/h5>\n<p>[\/vc_column_text]\n<div class=\"wpcf7 no-js\" id=\"wpcf7-f206-o1\" lang=\"es-ES\" dir=\"ltr\" data-wpcf7-id=\"206\">\n<div class=\"screen-reader-response\"><p role=\"status\" aria-live=\"polite\" aria-atomic=\"true\"><\/p> <ul><\/ul><\/div>\n<form action=\"\/ca\/wp-json\/wp\/v2\/pages\/182#wpcf7-f206-o1\" method=\"post\" class=\"wpcf7-form init\" aria-label=\"Formulario de contacto\" novalidate=\"novalidate\" data-status=\"init\">\n<fieldset class=\"hidden-fields-container\"><input type=\"hidden\" name=\"_wpcf7\" value=\"206\" \/><input type=\"hidden\" name=\"_wpcf7_version\" value=\"6.1.4\" \/><input type=\"hidden\" name=\"_wpcf7_locale\" value=\"es_ES\" \/><input type=\"hidden\" name=\"_wpcf7_unit_tag\" value=\"wpcf7-f206-o1\" \/><input type=\"hidden\" name=\"_wpcf7_container_post\" value=\"0\" \/><input type=\"hidden\" name=\"_wpcf7_posted_data_hash\" value=\"\" \/><input type=\"hidden\" name=\"_wpcf7_recaptcha_response\" value=\"\" \/>\n<\/fieldset>\n<p><label><span class=\"wpcf7-form-control-wrap\" data-name=\"your-name\"><input size=\"40\" maxlength=\"400\" class=\"wpcf7-form-control wpcf7-text wpcf7-validates-as-required\" autocomplete=\"name\" aria-required=\"true\" aria-invalid=\"false\" placeholder=\"Nom i cognoms*\" value=\"\" type=\"text\" name=\"your-name\" \/><\/span><\/label>\n<\/p>\n<p><label><span class=\"wpcf7-form-control-wrap\" data-name=\"your-telef\"><input size=\"40\" maxlength=\"400\" class=\"wpcf7-form-control wpcf7-text wpcf7-validates-as-required\" aria-required=\"true\" aria-invalid=\"false\" placeholder=\"Tel\u00e8fon*\" value=\"\" type=\"text\" name=\"your-telef\" \/><\/span><\/label>\n<\/p>\n<p><label><span class=\"wpcf7-form-control-wrap\" data-name=\"your-email\"><input size=\"40\" maxlength=\"400\" class=\"wpcf7-form-control wpcf7-text wpcf7-validates-as-required\" autocomplete=\"email\" aria-required=\"true\" aria-invalid=\"false\" placeholder=\"E-mail*\" value=\"\" type=\"text\" name=\"your-email\" \/><\/span><\/label>\n<\/p>\n<p><label><span class=\"wpcf7-form-control-wrap\" data-name=\"your-city\"><input size=\"40\" maxlength=\"400\" class=\"wpcf7-form-control wpcf7-text wpcf7-validates-as-required\" aria-required=\"true\" aria-invalid=\"false\" placeholder=\"Poblaci\u00f3*\" value=\"\" type=\"text\" name=\"your-city\" \/><\/span><\/label>\n<\/p>\n<p><label><span class=\"wpcf7-form-control-wrap\" data-name=\"your-message\"><textarea cols=\"40\" rows=\"2\" maxlength=\"2000\" class=\"wpcf7-form-control wpcf7-textarea\" aria-invalid=\"false\" placeholder=\"Missatge (opcional)\" name=\"your-message\"><\/textarea><\/span><\/label>\n<\/p>\n<span class=\"wpcf7-form-control-wrap recaptcha\" data-name=\"recaptcha\"><span data-sitekey=\"6Lff_8skAAAAAA1-DQEkSNl4LCCBbc5S0tuTso3v\" class=\"wpcf7-form-control wpcf7-recaptcha g-recaptcha\"><\/span>\r\n<noscript>\r\n\t<div class=\"grecaptcha-noscript\">\r\n\t\t<iframe loading=\"lazy\" src=\"https:\/\/www.google.com\/recaptcha\/api\/fallback?k=6Lff_8skAAAAAA1-DQEkSNl4LCCBbc5S0tuTso3v\" frameborder=\"0\" scrolling=\"no\" width=\"310\" height=\"430\">\r\n\t\t<\/iframe>\r\n\t\t<textarea name=\"g-recaptcha-response\" rows=\"3\" cols=\"40\" placeholder=\"Aqu\u00ed la respuesta de reCAPTCHA\">\r\n\t\t<\/textarea>\r\n\t<\/div>\r\n<\/noscript>\r\n<\/span>\n<p><label><span class=\"wpcf7-form-control-wrap\" data-name=\"acceptance-596\"><span class=\"wpcf7-form-control wpcf7-acceptance\"><span class=\"wpcf7-list-item\"><input type=\"checkbox\" name=\"acceptance-596\" value=\"1\" aria-invalid=\"false\" \/><\/span><\/span><\/span> Acceptes l'enviament de dades i la <a href=\"\/aviso-legal\/\">pol\u00edtica de privacitat.<\/a><\/label>\n<\/p>\n<p><input class=\"wpcf7-form-control wpcf7-submit has-spinner\" type=\"submit\" value=\"Enviar\" \/>\n<\/p><div class=\"wpcf7-response-output\" aria-hidden=\"true\"><\/div>\n<\/form>\n<\/div>\n[\/vc_column][\/vc_row]<\/p>\n<\/div>","protected":false},"excerpt":{"rendered":"<p>[vc_row full_width=&#8221;stretch_row_content&#8221; parallax=&#8221;content-moving&#8221; parallax_image=&#8221;31&#8243;][vc_column css=&#8221;.vc_custom_1675691172944{padding-left: 10% !important;}&#8221; offset=&#8221;vc_hidden-sm vc_hidden-xs&#8221;][vc_empty_space height=&#8221;182px&#8221;][vc_column_text] Especialistes en valoracions i assessorament immobiliari [\/vc_column_text][vc_btn title=&#8221;Calcula el valor del teu habitatge&#8221; style=&#8221;outline-custom&#8221; outline_custom_color=&#8221;#ffffff&#8221; outline_custom_hover_background=&#8221;#004151&#8243; outline_custom_hover_text=&#8221;#ffffff&#8221; size=&#8221;lg&#8221; i_icon_fontawesome=&#8221;fas fa-play&#8221; add_icon=&#8221;true&#8221; link=&#8221;url:%2Fca%2Fvalora-el-teu-immoble%2F&#8221;][vc_empty_space height=&#8221;232px&#8221;][\/vc_column][\/vc_row][vc_row full_width=&#8221;stretch_row_content&#8221; parallax=&#8221;content-moving&#8221; parallax_image=&#8221;31&#8243;][vc_column offset=&#8221;vc_hidden-lg vc_hidden-md&#8221;][vc_empty_space height=&#8221;62px&#8221;][vc_column_text] Especialistes en valoracions i assessorament immobiliari [\/vc_column_text][vc_btn title=&#8221;Calcula el valor del teu habitatge&#8221; style=&#8221;custom&#8221; custom_background=&#8221;#004151&#8243; custom_text=&#8221;#ffffff&#8221;&hellip;&nbsp;<a href=\"https:\/\/valoremelseuimmoble.com\/ca\/\" rel=\"bookmark\">Read More &raquo;<span class=\"screen-reader-text\">Home<\/span><\/a><\/p>\n","protected":false},"author":1,"featured_media":0,"parent":0,"menu_order":0,"comment_status":"closed","ping_status":"closed","template":"","meta":{"neve_meta_sidebar":"","neve_meta_container":"","neve_meta_enable_content_width":"off","neve_meta_content_width":100,"neve_meta_title_alignment":"","neve_meta_author_avatar":"","neve_post_elements_order":"","neve_meta_disable_header":"","neve_meta_disable_footer":"","neve_meta_disable_title":"on","neve_meta_reading_time":"","footnotes":""},"class_list":["post-182","page","type-page","status-publish","hentry"],"yoast_head":"<!-- This site is optimized with the Yoast SEO plugin v26.7 - https:\/\/yoast.com\/wordpress\/plugins\/seo\/ -->\n<title>Taxaci\u00f3 d&#039;immobles per a venda o lloguer - FINCAMPS<\/title>\n<meta name=\"robots\" content=\"index, follow, max-snippet:-1, max-image-preview:large, max-video-preview:-1\" \/>\n<link rel=\"canonical\" href=\"https:\/\/valoremelseuimmoble.com\/ca\/\" \/>\n<meta property=\"og:locale\" content=\"ca_ES\" \/>\n<meta property=\"og:type\" content=\"article\" \/>\n<meta property=\"og:title\" content=\"Taxaci\u00f3 d&#039;immobles per a venda o lloguer - FINCAMPS\" \/>\n<meta property=\"og:description\" content=\"[vc_row full_width=&#8221;stretch_row_content&#8221; parallax=&#8221;content-moving&#8221; parallax_image=&#8221;31&#8243;][vc_column css=&#8221;.vc_custom_1675691172944{padding-left: 10% !important;}&#8221; offset=&#8221;vc_hidden-sm vc_hidden-xs&#8221;][vc_empty_space height=&#8221;182px&#8221;][vc_column_text] Especialistes en valoracions i assessorament immobiliari [\/vc_column_text][vc_btn title=&#8221;Calcula el valor del teu habitatge&#8221; style=&#8221;outline-custom&#8221; outline_custom_color=&#8221;#ffffff&#8221; outline_custom_hover_background=&#8221;#004151&#8243; outline_custom_hover_text=&#8221;#ffffff&#8221; size=&#8221;lg&#8221; i_icon_fontawesome=&#8221;fas fa-play&#8221; add_icon=&#8221;true&#8221; link=&#8221;url:%2Fca%2Fvalora-el-teu-immoble%2F&#8221;][vc_empty_space height=&#8221;232px&#8221;][\/vc_column][\/vc_row][vc_row full_width=&#8221;stretch_row_content&#8221; parallax=&#8221;content-moving&#8221; parallax_image=&#8221;31&#8243;][vc_column offset=&#8221;vc_hidden-lg vc_hidden-md&#8221;][vc_empty_space height=&#8221;62px&#8221;][vc_column_text] Especialistes en valoracions i assessorament immobiliari [\/vc_column_text][vc_btn title=&#8221;Calcula el valor del teu habitatge&#8221; style=&#8221;custom&#8221; custom_background=&#8221;#004151&#8243; custom_text=&#8221;#ffffff&#8221;&hellip;&nbsp;Read More &raquo;Home\" \/>\n<meta property=\"og:url\" content=\"https:\/\/valoremelseuimmoble.com\/\" \/>\n<meta property=\"og:site_name\" content=\"Fincamps\" \/>\n<meta property=\"article:modified_time\" content=\"2023-02-21T11:41:22+00:00\" \/>\n<meta name=\"twitter:card\" content=\"summary_large_image\" \/>\n<meta name=\"twitter:label1\" content=\"Temps estimat de lectura\" \/>\n\t<meta name=\"twitter:data1\" content=\"2 minuts\" \/>\n<script type=\"application\/ld+json\" class=\"yoast-schema-graph\">{\"@context\":\"https:\/\/schema.org\",\"@graph\":[{\"@type\":\"WebPage\",\"@id\":\"https:\/\/valoremelseuimmoble.com\/\",\"url\":\"https:\/\/valoremelseuimmoble.com\/\",\"name\":\"Taxaci\u00f3 d'immobles per a venda o lloguer - FINCAMPS\",\"isPartOf\":{\"@id\":\"https:\/\/valoremelseuimmoble.com\/#website\"},\"datePublished\":\"2023-02-08T13:58:13+00:00\",\"dateModified\":\"2023-02-21T11:41:22+00:00\",\"breadcrumb\":{\"@id\":\"https:\/\/valoremelseuimmoble.com\/#breadcrumb\"},\"inLanguage\":\"ca\",\"potentialAction\":[{\"@type\":\"ReadAction\",\"target\":[\"https:\/\/valoremelseuimmoble.com\/\"]}]},{\"@type\":\"BreadcrumbList\",\"@id\":\"https:\/\/valoremelseuimmoble.com\/#breadcrumb\",\"itemListElement\":[{\"@type\":\"ListItem\",\"position\":1,\"name\":\"Portada\",\"item\":\"https:\/\/valoremelseuimmoble.com\/\"},{\"@type\":\"ListItem\",\"position\":2,\"name\":\"Home\"}]},{\"@type\":\"WebSite\",\"@id\":\"https:\/\/valoremelseuimmoble.com\/#website\",\"url\":\"https:\/\/valoremelseuimmoble.com\/\",\"name\":\"Fincamps\",\"description\":\"Especialistas en valoraciones y asesoramiento inmobiliario\",\"potentialAction\":[{\"@type\":\"SearchAction\",\"target\":{\"@type\":\"EntryPoint\",\"urlTemplate\":\"https:\/\/valoremelseuimmoble.com\/?s={search_term_string}\"},\"query-input\":{\"@type\":\"PropertyValueSpecification\",\"valueRequired\":true,\"valueName\":\"search_term_string\"}}],\"inLanguage\":\"ca\"}]}<\/script>\n<!-- \/ Yoast SEO plugin. -->","yoast_head_json":{"title":"Taxaci\u00f3 d'immobles per a venda o lloguer - FINCAMPS","robots":{"index":"index","follow":"follow","max-snippet":"max-snippet:-1","max-image-preview":"max-image-preview:large","max-video-preview":"max-video-preview:-1"},"canonical":"https:\/\/valoremelseuimmoble.com\/ca\/","og_locale":"ca_ES","og_type":"article","og_title":"Taxaci\u00f3 d'immobles per a venda o lloguer - FINCAMPS","og_description":"[vc_row full_width=&#8221;stretch_row_content&#8221; parallax=&#8221;content-moving&#8221; parallax_image=&#8221;31&#8243;][vc_column css=&#8221;.vc_custom_1675691172944{padding-left: 10% !important;}&#8221; offset=&#8221;vc_hidden-sm vc_hidden-xs&#8221;][vc_empty_space height=&#8221;182px&#8221;][vc_column_text] Especialistes en valoracions i assessorament immobiliari [\/vc_column_text][vc_btn title=&#8221;Calcula el valor del teu habitatge&#8221; style=&#8221;outline-custom&#8221; outline_custom_color=&#8221;#ffffff&#8221; outline_custom_hover_background=&#8221;#004151&#8243; outline_custom_hover_text=&#8221;#ffffff&#8221; size=&#8221;lg&#8221; i_icon_fontawesome=&#8221;fas fa-play&#8221; add_icon=&#8221;true&#8221; link=&#8221;url:%2Fca%2Fvalora-el-teu-immoble%2F&#8221;][vc_empty_space height=&#8221;232px&#8221;][\/vc_column][\/vc_row][vc_row full_width=&#8221;stretch_row_content&#8221; parallax=&#8221;content-moving&#8221; parallax_image=&#8221;31&#8243;][vc_column offset=&#8221;vc_hidden-lg vc_hidden-md&#8221;][vc_empty_space height=&#8221;62px&#8221;][vc_column_text] Especialistes en valoracions i assessorament immobiliari [\/vc_column_text][vc_btn title=&#8221;Calcula el valor del teu habitatge&#8221; style=&#8221;custom&#8221; custom_background=&#8221;#004151&#8243; custom_text=&#8221;#ffffff&#8221;&hellip;&nbsp;Read More &raquo;Home","og_url":"https:\/\/valoremelseuimmoble.com\/","og_site_name":"Fincamps","article_modified_time":"2023-02-21T11:41:22+00:00","twitter_card":"summary_large_image","twitter_misc":{"Temps estimat de lectura":"2 minuts"},"schema":{"@context":"https:\/\/schema.org","@graph":[{"@type":"WebPage","@id":"https:\/\/valoremelseuimmoble.com\/","url":"https:\/\/valoremelseuimmoble.com\/","name":"Taxaci\u00f3 d'immobles per a venda o lloguer - FINCAMPS","isPartOf":{"@id":"https:\/\/valoremelseuimmoble.com\/#website"},"datePublished":"2023-02-08T13:58:13+00:00","dateModified":"2023-02-21T11:41:22+00:00","breadcrumb":{"@id":"https:\/\/valoremelseuimmoble.com\/#breadcrumb"},"inLanguage":"ca","potentialAction":[{"@type":"ReadAction","target":["https:\/\/valoremelseuimmoble.com\/"]}]},{"@type":"BreadcrumbList","@id":"https:\/\/valoremelseuimmoble.com\/#breadcrumb","itemListElement":[{"@type":"ListItem","position":1,"name":"Portada","item":"https:\/\/valoremelseuimmoble.com\/"},{"@type":"ListItem","position":2,"name":"Home"}]},{"@type":"WebSite","@id":"https:\/\/valoremelseuimmoble.com\/#website","url":"https:\/\/valoremelseuimmoble.com\/","name":"Fincamps","description":"Especialistas en valoraciones y asesoramiento inmobiliario","potentialAction":[{"@type":"SearchAction","target":{"@type":"EntryPoint","urlTemplate":"https:\/\/valoremelseuimmoble.com\/?s={search_term_string}"},"query-input":{"@type":"PropertyValueSpecification","valueRequired":true,"valueName":"search_term_string"}}],"inLanguage":"ca"}]}},"_links":{"self":[{"href":"https:\/\/valoremelseuimmoble.com\/ca\/wp-json\/wp\/v2\/pages\/182","targetHints":{"allow":["GET"]}}],"collection":[{"href":"https:\/\/valoremelseuimmoble.com\/ca\/wp-json\/wp\/v2\/pages"}],"about":[{"href":"https:\/\/valoremelseuimmoble.com\/ca\/wp-json\/wp\/v2\/types\/page"}],"author":[{"embeddable":true,"href":"https:\/\/valoremelseuimmoble.com\/ca\/wp-json\/wp\/v2\/users\/1"}],"replies":[{"embeddable":true,"href":"https:\/\/valoremelseuimmoble.com\/ca\/wp-json\/wp\/v2\/comments?post=182"}],"version-history":[{"count":10,"href":"https:\/\/valoremelseuimmoble.com\/ca\/wp-json\/wp\/v2\/pages\/182\/revisions"}],"predecessor-version":[{"id":265,"href":"https:\/\/valoremelseuimmoble.com\/ca\/wp-json\/wp\/v2\/pages\/182\/revisions\/265"}],"wp:attachment":[{"href":"https:\/\/valoremelseuimmoble.com\/ca\/wp-json\/wp\/v2\/media?parent=182"}],"curies":[{"name":"wp","href":"https:\/\/api.w.org\/{rel}","templated":true}]}}