{"id":190,"date":"2023-02-09T08:15:19","date_gmt":"2023-02-09T08:15:19","guid":{"rendered":"http:\/\/valoremelseuimmoble.com\/?page_id=190"},"modified":"2023-02-21T12:23:13","modified_gmt":"2023-02-21T12:23:13","slug":"fincamps","status":"publish","type":"page","link":"https:\/\/valoremelseuimmoble.com\/ca\/fincamps\/","title":{"rendered":"Fincamps"},"content":{"rendered":"<div class=\"wpb-content-wrapper\"><p>[vc_row full_width=&#8221;stretch_row_content&#8221; parallax=&#8221;content-moving&#8221; parallax_image=&#8221;31&#8243;][vc_column css=&#8221;.vc_custom_1675687853675{background-color: rgba(2,2,2,0.17) !important;*background-color: rgb(2,2,2) !important;}&#8221; offset=&#8221;vc_hidden-sm vc_hidden-xs&#8221;][vc_column_text css=&#8221;.vc_custom_1675684326199{padding-left: 12% !important;}&#8221;]<\/p>\n<h1><span style=\"color: #ffffff;\">Sobre nosaltres<\/span><\/h1>\n<p>[\/vc_column_text][\/vc_column][\/vc_row][vc_row full_width=&#8221;stretch_row_content&#8221; parallax=&#8221;content-moving&#8221; parallax_image=&#8221;31&#8243;][vc_column css=&#8221;.vc_custom_1675687863682{background-color: rgba(2,2,2,0.17) !important;*background-color: rgb(2,2,2) !important;}&#8221; offset=&#8221;vc_hidden-lg vc_hidden-md&#8221;][vc_column_text]<\/p>\n<h1 style=\"text-align: center;\"><span style=\"color: #ffffff;\">Sobre nosaltres<\/span><\/h1>\n<p>[\/vc_column_text][\/vc_column][\/vc_row][vc_row][vc_column][vc_empty_space][\/vc_column][\/vc_row][vc_row gap=&#8221;35&#8243;][vc_column width=&#8221;1\/2&#8243;][vc_column_text]<\/p>\n<h2>Fincamps Assessors S.L<\/h2>\n<hr \/>\n<p style=\"text-align: justify;\">Fincamps compta amb un equip de professionals del sector immobiliari que des de 1990 ofereix als seus clients un servei de confian\u00e7a per a la compra, venda i lloguer d&#8217;habitatges, aix\u00ed com oficines, espais comercials i industrials.<\/p>\n<p style=\"text-align: justify;\">A m\u00e9s, realitzen altres gestions com l&#8217;obtenci\u00f3 i comercialitzaci\u00f3 de s\u00f2l industrial o la gesti\u00f3 i rendibilitzaci\u00f3 de patrimonis, podent aix\u00ed donar resposta a les necessitats dels seus clients i del mercat.<\/p>\n<p>[\/vc_column_text][vc_tta_accordion][vc_tta_section title=&#8221;La nostra visi\u00f3&#8221; tab_id=&#8221;la-nostra-visio&#8221;][vc_column_text]<\/p>\n<p style=\"text-align: justify;\">En Fincamps comptem amb un gran reconeixement a la ciutat de Sabadell, gr\u00e0cies a l&#8217;experi\u00e8ncia acumulada en el sector immobiliari i l&#8217;atenci\u00f3 personalitzada que oferim als nostres clients, establint-nos com a referents. \u00c9s per aquest motiu que disposem d&#8217;una \u00e0mplia cartera immobili\u00e0ria que cobreix les diferents zones, gustos i necessitats del consumidor.\u2063<\/p>\n<p style=\"text-align: justify;\">Des de Fincamps actuem amb la tutela de Josep Camps Mart\u00ed, Agent de la Propietat Immobili\u00e0ria amb n\u00famero de col\u00b7legiat 1821 en l&#8217;Il\u00b7lustre Col\u00b7legi Oficial de la Propietat Immobili\u00e0ria de Barcelona i Prov\u00edncia. D&#8217;altra banda, tamb\u00e9 compta amb la corresponent p\u00f2lissa de responsabilitat civil en vig\u00e8ncia per al desenvolupament de la seva activitat.<\/p>\n<p>[\/vc_column_text][\/vc_tta_section][vc_tta_section title=&#8221;La nostra missi\u00f3&#8221; tab_id=&#8221;la-nostra-missio&#8221;][vc_column_text]<\/p>\n<p style=\"text-align: justify;\">L&#8217;ess\u00e8ncia del nostre treball est\u00e0 basada en el tracte professional, la serietat i la confian\u00e7a per a aconseguir empatitzar amb les necessitats dels nostres clients, posicionant-nos com a immobili\u00e0ria de refer\u00e8ncia per a tota mena de gestions relacionades amb el nostre \u00e0mbit laboral, gr\u00e0cies a la nostra confidencialitat i transpar\u00e8ncia i complint amb les exig\u00e8ncies del mercat.<\/p>\n<p style=\"text-align: justify;\">La nostra experi\u00e8ncia acumulada de m\u00e9s de 25 anys ens ha perm\u00e8s gestionar tot el necessari perqu\u00e8 els nostres clients puguin realitzar tot tipus de tramitacions de manera c\u00f2moda i \u00e0gil amb un servei professionalitzat, personalitzat i adaptat a les seves necessitats.<\/p>\n<p>[\/vc_column_text][\/vc_tta_section][\/vc_tta_accordion][\/vc_column][vc_column width=&#8221;1\/2&#8243;][vc_single_image image=&#8221;61&#8243; img_size=&#8221;full&#8221;][vc_cta h2=&#8221;Vols vendre el teu immoble?&#8221; h2_font_container=&#8221;tag:h2|text_align:left&#8221; h2_google_fonts=&#8221;font_family:Playfair%20Display%3Aregular%2Citalic%2C700%2C700italic%2C900%2C900italic|font_style:400%20regular%3A400%3Anormal&#8221; add_button=&#8221;right&#8221; btn_title=&#8221;M\u00e9s informaci\u00f3&#8221; btn_style=&#8221;custom&#8221; btn_custom_background=&#8221;#146266&#8243; btn_custom_text=&#8221;#ffffff&#8221; use_custom_fonts_h2=&#8221;true&#8221; btn_link=&#8221;url:%2Fca%2Fcontacte%2F&#8221;]<\/p>\n<p style=\"text-align: justify;\">Sol\u00b7licita&#8217;ns informaci\u00f3 i t&#8217;explicarem com has de fer-ho per a tenir la taxaci\u00f3 del teu immoble de manera r\u00e0pida i senzilla. Disposem d&#8217;un equip professional del sector immobiliari que t&#8217;ajudar\u00e0 en tot el proc\u00e9s per a trobar la millor soluci\u00f3 a les teves necessitats. A m\u00e9s, comptem amb una s\u00f2lida cartera de clients, tant particulars com professionals que poden estar interessats a adquirir o llogar el teu immoble, sense que necessitis preocupar-te per totes les gestions que aix\u00f2 comporta.<\/p>\n<p>[\/vc_cta][\/vc_column][\/vc_row][vc_row][vc_column][vc_empty_space][\/vc_column][\/vc_row][vc_row full_width=&#8221;stretch_row_content&#8221; parallax=&#8221;content-moving&#8221; parallax_image=&#8221;71&#8243;][vc_column css=&#8221;.vc_custom_1675687012795{background-color: rgba(255,255,255,0.16) !important;background-position: center !important;background-repeat: no-repeat !important;background-size: cover !important;*background-color: rgb(255,255,255) !important;}&#8221;][vc_empty_space height=&#8221;122px&#8221;][vc_column_text]<\/p>\n<h3 style=\"text-align: center; font-size: 40px;\">Necessites m\u00e9s informaci\u00f3?<\/h3>\n<p>[\/vc_column_text][vc_btn title=&#8221;Contacta&#8217;ns sense comprom\u00eds&#8221; style=&#8221;outline&#8221; color=&#8221;black&#8221; size=&#8221;lg&#8221; align=&#8221;center&#8221; link=&#8221;url:%2Fca%2Fcontacte%2F&#8221;][vc_empty_space height=&#8221;122px&#8221;][\/vc_column][\/vc_row][vc_row][vc_column][vc_empty_space height=&#8221;82px&#8221;][\/vc_column][\/vc_row]<\/p>\n<\/div>","protected":false},"excerpt":{"rendered":"<p>[vc_row full_width=&#8221;stretch_row_content&#8221; parallax=&#8221;content-moving&#8221; parallax_image=&#8221;31&#8243;][vc_column css=&#8221;.vc_custom_1675687853675{background-color: rgba(2,2,2,0.17) !important;*background-color: rgb(2,2,2) !important;}&#8221; offset=&#8221;vc_hidden-sm vc_hidden-xs&#8221;][vc_column_text css=&#8221;.vc_custom_1675684326199{padding-left: 12% !important;}&#8221;] Sobre nosaltres [\/vc_column_text][\/vc_column][\/vc_row][vc_row full_width=&#8221;stretch_row_content&#8221; parallax=&#8221;content-moving&#8221; parallax_image=&#8221;31&#8243;][vc_column css=&#8221;.vc_custom_1675687863682{background-color: rgba(2,2,2,0.17) !important;*background-color: rgb(2,2,2) !important;}&#8221; offset=&#8221;vc_hidden-lg vc_hidden-md&#8221;][vc_column_text] Sobre nosaltres [\/vc_column_text][\/vc_column][\/vc_row][vc_row][vc_column][vc_empty_space][\/vc_column][\/vc_row][vc_row gap=&#8221;35&#8243;][vc_column width=&#8221;1\/2&#8243;][vc_column_text] Fincamps Assessors S.L Fincamps compta amb un equip de professionals del sector immobiliari que des de 1990 ofereix als seus clients un servei&hellip;&nbsp;<a href=\"https:\/\/valoremelseuimmoble.com\/ca\/fincamps\/\" rel=\"bookmark\">Read More &raquo;<span class=\"screen-reader-text\">Fincamps<\/span><\/a><\/p>\n","protected":false},"author":1,"featured_media":0,"parent":0,"menu_order":0,"comment_status":"closed","ping_status":"closed","template":"","meta":{"neve_meta_sidebar":"","neve_meta_container":"","neve_meta_enable_content_width":"off","neve_meta_content_width":100,"neve_meta_title_alignment":"","neve_meta_author_avatar":"","neve_post_elements_order":"","neve_meta_disable_header":"","neve_meta_disable_footer":"","neve_meta_disable_title":"on","neve_meta_reading_time":"","footnotes":""},"class_list":["post-190","page","type-page","status-publish","hentry"],"yoast_head":"<!-- This site is optimized with the Yoast SEO plugin v26.7 - https:\/\/yoast.com\/wordpress\/plugins\/seo\/ -->\n<title>Immobili\u00e0ria de Sabadell - FINCAMPS<\/title>\n<meta name=\"robots\" content=\"index, follow, max-snippet:-1, max-image-preview:large, max-video-preview:-1\" \/>\n<link rel=\"canonical\" href=\"https:\/\/valoremelseuimmoble.com\/ca\/fincamps\/\" \/>\n<meta property=\"og:locale\" content=\"ca_ES\" \/>\n<meta property=\"og:type\" content=\"article\" \/>\n<meta property=\"og:title\" content=\"Immobili\u00e0ria de Sabadell - FINCAMPS\" \/>\n<meta property=\"og:description\" content=\"[vc_row full_width=&#8221;stretch_row_content&#8221; parallax=&#8221;content-moving&#8221; parallax_image=&#8221;31&#8243;][vc_column css=&#8221;.vc_custom_1675687853675{background-color: rgba(2,2,2,0.17) !important;*background-color: rgb(2,2,2) !important;}&#8221; offset=&#8221;vc_hidden-sm vc_hidden-xs&#8221;][vc_column_text css=&#8221;.vc_custom_1675684326199{padding-left: 12% !important;}&#8221;] Sobre nosaltres [\/vc_column_text][\/vc_column][\/vc_row][vc_row full_width=&#8221;stretch_row_content&#8221; parallax=&#8221;content-moving&#8221; parallax_image=&#8221;31&#8243;][vc_column css=&#8221;.vc_custom_1675687863682{background-color: rgba(2,2,2,0.17) !important;*background-color: rgb(2,2,2) !important;}&#8221; offset=&#8221;vc_hidden-lg vc_hidden-md&#8221;][vc_column_text] Sobre nosaltres [\/vc_column_text][\/vc_column][\/vc_row][vc_row][vc_column][vc_empty_space][\/vc_column][\/vc_row][vc_row gap=&#8221;35&#8243;][vc_column width=&#8221;1\/2&#8243;][vc_column_text] Fincamps Assessors S.L Fincamps compta amb un equip de professionals del sector immobiliari que des de 1990 ofereix als seus clients un servei&hellip;&nbsp;Read More &raquo;Fincamps\" \/>\n<meta property=\"og:url\" content=\"https:\/\/valoremelseuimmoble.com\/fincamps\/\" \/>\n<meta property=\"og:site_name\" content=\"Fincamps\" \/>\n<meta property=\"article:modified_time\" content=\"2023-02-21T12:23:13+00:00\" \/>\n<meta name=\"twitter:card\" content=\"summary_large_image\" \/>\n<meta name=\"twitter:label1\" content=\"Temps estimat de lectura\" \/>\n\t<meta name=\"twitter:data1\" content=\"3 minuts\" \/>\n<script type=\"application\/ld+json\" class=\"yoast-schema-graph\">{\"@context\":\"https:\/\/schema.org\",\"@graph\":[{\"@type\":\"WebPage\",\"@id\":\"https:\/\/valoremelseuimmoble.com\/fincamps\/\",\"url\":\"https:\/\/valoremelseuimmoble.com\/fincamps\/\",\"name\":\"Immobili\u00e0ria de Sabadell - FINCAMPS\",\"isPartOf\":{\"@id\":\"https:\/\/valoremelseuimmoble.com\/#website\"},\"datePublished\":\"2023-02-09T08:15:19+00:00\",\"dateModified\":\"2023-02-21T12:23:13+00:00\",\"breadcrumb\":{\"@id\":\"https:\/\/valoremelseuimmoble.com\/fincamps\/#breadcrumb\"},\"inLanguage\":\"ca\",\"potentialAction\":[{\"@type\":\"ReadAction\",\"target\":[\"https:\/\/valoremelseuimmoble.com\/fincamps\/\"]}]},{\"@type\":\"BreadcrumbList\",\"@id\":\"https:\/\/valoremelseuimmoble.com\/fincamps\/#breadcrumb\",\"itemListElement\":[{\"@type\":\"ListItem\",\"position\":1,\"name\":\"Portada\",\"item\":\"https:\/\/valoremelseuimmoble.com\/\"},{\"@type\":\"ListItem\",\"position\":2,\"name\":\"Fincamps\"}]},{\"@type\":\"WebSite\",\"@id\":\"https:\/\/valoremelseuimmoble.com\/#website\",\"url\":\"https:\/\/valoremelseuimmoble.com\/\",\"name\":\"Fincamps\",\"description\":\"Especialistas en valoraciones y asesoramiento inmobiliario\",\"potentialAction\":[{\"@type\":\"SearchAction\",\"target\":{\"@type\":\"EntryPoint\",\"urlTemplate\":\"https:\/\/valoremelseuimmoble.com\/?s={search_term_string}\"},\"query-input\":{\"@type\":\"PropertyValueSpecification\",\"valueRequired\":true,\"valueName\":\"search_term_string\"}}],\"inLanguage\":\"ca\"}]}<\/script>\n<!-- \/ Yoast SEO plugin. -->","yoast_head_json":{"title":"Immobili\u00e0ria de Sabadell - FINCAMPS","robots":{"index":"index","follow":"follow","max-snippet":"max-snippet:-1","max-image-preview":"max-image-preview:large","max-video-preview":"max-video-preview:-1"},"canonical":"https:\/\/valoremelseuimmoble.com\/ca\/fincamps\/","og_locale":"ca_ES","og_type":"article","og_title":"Immobili\u00e0ria de Sabadell - FINCAMPS","og_description":"[vc_row full_width=&#8221;stretch_row_content&#8221; parallax=&#8221;content-moving&#8221; parallax_image=&#8221;31&#8243;][vc_column css=&#8221;.vc_custom_1675687853675{background-color: rgba(2,2,2,0.17) !important;*background-color: rgb(2,2,2) !important;}&#8221; offset=&#8221;vc_hidden-sm vc_hidden-xs&#8221;][vc_column_text css=&#8221;.vc_custom_1675684326199{padding-left: 12% !important;}&#8221;] Sobre nosaltres [\/vc_column_text][\/vc_column][\/vc_row][vc_row full_width=&#8221;stretch_row_content&#8221; parallax=&#8221;content-moving&#8221; parallax_image=&#8221;31&#8243;][vc_column css=&#8221;.vc_custom_1675687863682{background-color: rgba(2,2,2,0.17) !important;*background-color: rgb(2,2,2) !important;}&#8221; offset=&#8221;vc_hidden-lg vc_hidden-md&#8221;][vc_column_text] Sobre nosaltres [\/vc_column_text][\/vc_column][\/vc_row][vc_row][vc_column][vc_empty_space][\/vc_column][\/vc_row][vc_row gap=&#8221;35&#8243;][vc_column width=&#8221;1\/2&#8243;][vc_column_text] Fincamps Assessors S.L Fincamps compta amb un equip de professionals del sector immobiliari que des de 1990 ofereix als seus clients un servei&hellip;&nbsp;Read More &raquo;Fincamps","og_url":"https:\/\/valoremelseuimmoble.com\/fincamps\/","og_site_name":"Fincamps","article_modified_time":"2023-02-21T12:23:13+00:00","twitter_card":"summary_large_image","twitter_misc":{"Temps estimat de lectura":"3 minuts"},"schema":{"@context":"https:\/\/schema.org","@graph":[{"@type":"WebPage","@id":"https:\/\/valoremelseuimmoble.com\/fincamps\/","url":"https:\/\/valoremelseuimmoble.com\/fincamps\/","name":"Immobili\u00e0ria de Sabadell - FINCAMPS","isPartOf":{"@id":"https:\/\/valoremelseuimmoble.com\/#website"},"datePublished":"2023-02-09T08:15:19+00:00","dateModified":"2023-02-21T12:23:13+00:00","breadcrumb":{"@id":"https:\/\/valoremelseuimmoble.com\/fincamps\/#breadcrumb"},"inLanguage":"ca","potentialAction":[{"@type":"ReadAction","target":["https:\/\/valoremelseuimmoble.com\/fincamps\/"]}]},{"@type":"BreadcrumbList","@id":"https:\/\/valoremelseuimmoble.com\/fincamps\/#breadcrumb","itemListElement":[{"@type":"ListItem","position":1,"name":"Portada","item":"https:\/\/valoremelseuimmoble.com\/"},{"@type":"ListItem","position":2,"name":"Fincamps"}]},{"@type":"WebSite","@id":"https:\/\/valoremelseuimmoble.com\/#website","url":"https:\/\/valoremelseuimmoble.com\/","name":"Fincamps","description":"Especialistas en valoraciones y asesoramiento inmobiliario","potentialAction":[{"@type":"SearchAction","target":{"@type":"EntryPoint","urlTemplate":"https:\/\/valoremelseuimmoble.com\/?s={search_term_string}"},"query-input":{"@type":"PropertyValueSpecification","valueRequired":true,"valueName":"search_term_string"}}],"inLanguage":"ca"}]}},"_links":{"self":[{"href":"https:\/\/valoremelseuimmoble.com\/ca\/wp-json\/wp\/v2\/pages\/190","targetHints":{"allow":["GET"]}}],"collection":[{"href":"https:\/\/valoremelseuimmoble.com\/ca\/wp-json\/wp\/v2\/pages"}],"about":[{"href":"https:\/\/valoremelseuimmoble.com\/ca\/wp-json\/wp\/v2\/types\/page"}],"author":[{"embeddable":true,"href":"https:\/\/valoremelseuimmoble.com\/ca\/wp-json\/wp\/v2\/users\/1"}],"replies":[{"embeddable":true,"href":"https:\/\/valoremelseuimmoble.com\/ca\/wp-json\/wp\/v2\/comments?post=190"}],"version-history":[{"count":7,"href":"https:\/\/valoremelseuimmoble.com\/ca\/wp-json\/wp\/v2\/pages\/190\/revisions"}],"predecessor-version":[{"id":272,"href":"https:\/\/valoremelseuimmoble.com\/ca\/wp-json\/wp\/v2\/pages\/190\/revisions\/272"}],"wp:attachment":[{"href":"https:\/\/valoremelseuimmoble.com\/ca\/wp-json\/wp\/v2\/media?parent=190"}],"curies":[{"name":"wp","href":"https:\/\/api.w.org\/{rel}","templated":true}]}}