{"id":194,"date":"2023-02-06T10:57:42","date_gmt":"2023-02-06T10:57:42","guid":{"rendered":"http:\/\/valoremelseuimmoble.com\/?page_id=194"},"modified":"2023-03-03T12:40:16","modified_gmt":"2023-03-03T12:40:16","slug":"valora-el-teu-immoble","status":"publish","type":"page","link":"https:\/\/valoremelseuimmoble.com\/ca\/valora-el-teu-immoble\/","title":{"rendered":"Valora el teu immoble"},"content":{"rendered":"<div class=\"wpb-content-wrapper\"><p>[vc_row full_width=&#8221;stretch_row_content&#8221; parallax=&#8221;content-moving&#8221; parallax_image=&#8221;31&#8243;][vc_column css=&#8221;.vc_custom_1675687853675{background-color: rgba(2,2,2,0.17) !important;*background-color: rgb(2,2,2) !important;}&#8221; offset=&#8221;vc_hidden-sm vc_hidden-xs&#8221;][vc_column_text css=&#8221;.vc_custom_1675684326199{padding-left: 12% !important;}&#8221;]<\/p>\n<h1><span style=\"color: #ffffff;\">Valora el teu immoble<\/span><\/h1>\n<p>[\/vc_column_text][\/vc_column][\/vc_row][vc_row full_width=&#8221;stretch_row_content&#8221; parallax=&#8221;content-moving&#8221; parallax_image=&#8221;31&#8243;][vc_column css=&#8221;.vc_custom_1675687863682{background-color: rgba(2,2,2,0.17) !important;*background-color: rgb(2,2,2) !important;}&#8221; offset=&#8221;vc_hidden-lg vc_hidden-md&#8221;][vc_column_text]<\/p>\n<h1 style=\"text-align: center;\"><span style=\"color: #ffffff;\">Valora el teu immoble<\/span><\/h1>\n<p>[\/vc_column_text][\/vc_column][\/vc_row][vc_row][vc_column][vc_empty_space][\/vc_column][\/vc_row][vc_row gap=&#8221;35&#8243;][vc_column width=&#8221;1\/2&#8243;][vc_column_text]<\/p>\n<h2>Aconsegueix una taxaci\u00f3 del teu immoble en l\u00ednia i t&#8217;ajudem en tot el proc\u00e9s de gesti\u00f3 immobili\u00e0ria, tenint en compte les teves necessitats<\/h2>\n<hr \/>\n<p>[\/vc_column_text][vc_message message_box_style=&#8221;outline&#8221; icon_fontawesome=&#8221;fas fa-caret-square-right&#8221;]Recopilem i analitzem les dades proporcionades del<strong> teu immoble<\/strong>.[\/vc_message][vc_message message_box_style=&#8221;outline&#8221; icon_fontawesome=&#8221;fas fa-caret-square-right&#8221;]<strong>Realitzem la comparaci\u00f3 d&#8217;immobles<\/strong> que presentin caracter\u00edstiques similars localitzades en la mateixa zona.[\/vc_message][vc_message message_box_style=&#8221;outline&#8221; icon_fontawesome=&#8221;fas fa-caret-square-right&#8221;]Analitzem el mercat<strong> immobiliari i els preus<\/strong>.[\/vc_message][vc_message message_box_style=&#8221;outline&#8221; icon_fontawesome=&#8221;fas fa-caret-square-right&#8221;]Realitzem <strong>una estimaci\u00f3 del preu de venda<\/strong> i \/ o lloguer de l&#8217;immoble.[\/vc_message][vc_message message_box_style=&#8221;outline&#8221; icon_fontawesome=&#8221;fas fa-caret-square-right&#8221;]Taxem l&#8217;immoble en el preu de mercat que s&#8217;adapti <strong> a les teves necessitats<\/strong>.[\/vc_message][vc_message message_box_style=&#8221;outline&#8221; icon_fontawesome=&#8221;fas fa-caret-square-right&#8221;]<strong>Gestionem i redactem<\/strong> els contractes de compravenda i lloguer.[\/vc_message][vc_message message_box_style=&#8221;outline&#8221; icon_fontawesome=&#8221;fas fa-caret-square-right&#8221;]Tramitem els <strong>documents notarials<\/strong>.[\/vc_message][vc_message message_box_style=&#8221;outline&#8221; icon_fontawesome=&#8221;fas fa-caret-square-right&#8221;]Seleccionem <strong>clients potencials<\/strong>.[\/vc_message][vc_message message_box_style=&#8221;outline&#8221; icon_fontawesome=&#8221;fas fa-caret-square-right&#8221;]<strong>Resultats garantits<\/strong> estalviant temps i diners.[\/vc_message][\/vc_column][vc_column width=&#8221;1\/2&#8243;][vc_single_image image=&#8221;61&#8243; img_size=&#8221;full&#8221;][vc_raw_html]JTNDc2NyaXB0JTIwdHlwZSUzRCUyMnRleHQlMkZqYXZhc2NyaXB0JTIyJTIwc3JjJTNEJTIyaHR0cHMlM0ElMkYlMkZiZXR0ZXJwbGFjZWFwcC5jb20lMkZwdWJsaWMtcmF0aW5ncyUyRnB1YmxpYy1yYXRpbmdzLXdpZGdldC5qcyUyMiUzRSUzQyUyRnNjcmlwdCUzRSUwQSUyMCUyMCUyMCUyMCUyMCUyMCUzQ3NjcmlwdCUyMGlkJTNEJTIycHVibGljLXJhdGluZy13aWRnZXQlMjIlMjB0eXBlJTNEJTIydGV4dCUyRmphdmFzY3JpcHQlMjIlM0UlMEElMjAlMjAlMjAlMjAlMjAlMjAlMjAlMjB3aW5kb3cuaW5pdFB1YmxpY1JhdGluZ3NXaWRnZXQlMjglN0IlMEElMjAlMjAlMjAlMjAlMjAlMjAlMjAlMjAlMjAlMjB3aWR0aCUzQSUyMCUyNzEwMCUyNSUyNyUyQyUwQSUyMCUyMCUyMCUyMCUyMCUyMCUyMCUyMCUyMCUyMGhlaWdodCUzQSUyMDc1MCUyQyUwQSUyMCUyMCUyMCUyMCUyMCUyMCUyMCUyMCUyMCUyMHVybCUzQSUyMCUyMmh0dHBzJTNBJTJGJTJGYmV0dGVycGxhY2VhcHAuY29tJTJGdmFsb3JhciUyRmZpbmNhbXBzLWFzc2Vzc29ycy1zbCUyRnUlMkY5OTk5JTNGbG9jYWxlJTNEZXMlMjZpZnJhbWUlM0R0cnVlJTIyJTBBJTIwJTIwJTIwJTIwJTIwJTIwJTIwJTIwJTdEJTI5JTBBJTIwJTIwJTIwJTIwJTIwJTIwJTNDJTJGc2NyaXB0JTNF[\/vc_raw_html][\/vc_column][\/vc_row][vc_row][vc_column][vc_empty_space][vc_column_text]<\/p>\n<h5>Emplena el formulari per a obtenir informaci\u00f3 sobre com vendre el teu immoble<\/h5>\n<p>[\/vc_column_text]\n<div class=\"wpcf7 no-js\" id=\"wpcf7-f206-o1\" lang=\"es-ES\" dir=\"ltr\" data-wpcf7-id=\"206\">\n<div class=\"screen-reader-response\"><p role=\"status\" aria-live=\"polite\" aria-atomic=\"true\"><\/p> <ul><\/ul><\/div>\n<form action=\"\/ca\/wp-json\/wp\/v2\/pages\/194#wpcf7-f206-o1\" method=\"post\" class=\"wpcf7-form init\" aria-label=\"Formulario de contacto\" novalidate=\"novalidate\" data-status=\"init\">\n<fieldset class=\"hidden-fields-container\"><input type=\"hidden\" name=\"_wpcf7\" value=\"206\" \/><input type=\"hidden\" name=\"_wpcf7_version\" value=\"6.1.4\" \/><input type=\"hidden\" name=\"_wpcf7_locale\" value=\"es_ES\" \/><input type=\"hidden\" name=\"_wpcf7_unit_tag\" value=\"wpcf7-f206-o1\" \/><input type=\"hidden\" name=\"_wpcf7_container_post\" value=\"0\" \/><input type=\"hidden\" name=\"_wpcf7_posted_data_hash\" value=\"\" \/><input type=\"hidden\" name=\"_wpcf7_recaptcha_response\" value=\"\" \/>\n<\/fieldset>\n<p><label><span class=\"wpcf7-form-control-wrap\" data-name=\"your-name\"><input size=\"40\" maxlength=\"400\" class=\"wpcf7-form-control wpcf7-text wpcf7-validates-as-required\" autocomplete=\"name\" aria-required=\"true\" aria-invalid=\"false\" placeholder=\"Nom i cognoms*\" value=\"\" type=\"text\" name=\"your-name\" \/><\/span><\/label>\n<\/p>\n<p><label><span class=\"wpcf7-form-control-wrap\" data-name=\"your-telef\"><input size=\"40\" maxlength=\"400\" class=\"wpcf7-form-control wpcf7-text wpcf7-validates-as-required\" aria-required=\"true\" aria-invalid=\"false\" placeholder=\"Tel\u00e8fon*\" value=\"\" type=\"text\" name=\"your-telef\" \/><\/span><\/label>\n<\/p>\n<p><label><span class=\"wpcf7-form-control-wrap\" data-name=\"your-email\"><input size=\"40\" maxlength=\"400\" class=\"wpcf7-form-control wpcf7-text wpcf7-validates-as-required\" autocomplete=\"email\" aria-required=\"true\" aria-invalid=\"false\" placeholder=\"E-mail*\" value=\"\" type=\"text\" name=\"your-email\" \/><\/span><\/label>\n<\/p>\n<p><label><span class=\"wpcf7-form-control-wrap\" data-name=\"your-city\"><input size=\"40\" maxlength=\"400\" class=\"wpcf7-form-control wpcf7-text wpcf7-validates-as-required\" aria-required=\"true\" aria-invalid=\"false\" placeholder=\"Poblaci\u00f3*\" value=\"\" type=\"text\" name=\"your-city\" \/><\/span><\/label>\n<\/p>\n<p><label><span class=\"wpcf7-form-control-wrap\" data-name=\"your-message\"><textarea cols=\"40\" rows=\"2\" maxlength=\"2000\" class=\"wpcf7-form-control wpcf7-textarea\" aria-invalid=\"false\" placeholder=\"Missatge (opcional)\" name=\"your-message\"><\/textarea><\/span><\/label>\n<\/p>\n<span class=\"wpcf7-form-control-wrap recaptcha\" data-name=\"recaptcha\"><span data-sitekey=\"6Lff_8skAAAAAA1-DQEkSNl4LCCBbc5S0tuTso3v\" class=\"wpcf7-form-control wpcf7-recaptcha g-recaptcha\"><\/span>\r\n<noscript>\r\n\t<div class=\"grecaptcha-noscript\">\r\n\t\t<iframe loading=\"lazy\" src=\"https:\/\/www.google.com\/recaptcha\/api\/fallback?k=6Lff_8skAAAAAA1-DQEkSNl4LCCBbc5S0tuTso3v\" frameborder=\"0\" scrolling=\"no\" width=\"310\" height=\"430\">\r\n\t\t<\/iframe>\r\n\t\t<textarea name=\"g-recaptcha-response\" rows=\"3\" cols=\"40\" placeholder=\"Aqu\u00ed la respuesta de reCAPTCHA\">\r\n\t\t<\/textarea>\r\n\t<\/div>\r\n<\/noscript>\r\n<\/span>\n<p><label><span class=\"wpcf7-form-control-wrap\" data-name=\"acceptance-596\"><span class=\"wpcf7-form-control wpcf7-acceptance\"><span class=\"wpcf7-list-item\"><input type=\"checkbox\" name=\"acceptance-596\" value=\"1\" aria-invalid=\"false\" \/><\/span><\/span><\/span> Acceptes l'enviament de dades i la <a href=\"\/aviso-legal\/\">pol\u00edtica de privacitat.<\/a><\/label>\n<\/p>\n<p><input class=\"wpcf7-form-control wpcf7-submit has-spinner\" type=\"submit\" value=\"Enviar\" \/>\n<\/p><div class=\"wpcf7-response-output\" aria-hidden=\"true\"><\/div>\n<\/form>\n<\/div>\n[\/vc_column][\/vc_row][vc_row][vc_column][vc_empty_space][\/vc_column][\/vc_row][vc_row full_width=&#8221;stretch_row_content&#8221; parallax=&#8221;content-moving&#8221; parallax_image=&#8221;71&#8243;][vc_column css=&#8221;.vc_custom_1675687012795{background-color: rgba(255,255,255,0.16) !important;background-position: center !important;background-repeat: no-repeat !important;background-size: cover !important;*background-color: rgb(255,255,255) !important;}&#8221;][vc_empty_space height=&#8221;122px&#8221;][vc_column_text]<\/p>\n<h3 style=\"text-align: center; font-size: 40px;\">Necessites m\u00e9s informaci\u00f3?<\/h3>\n<p>[\/vc_column_text][vc_btn title=&#8221;Contacta&#8217;ns sense comprom\u00eds&#8221; style=&#8221;outline&#8221; color=&#8221;black&#8221; size=&#8221;lg&#8221; align=&#8221;center&#8221; link=&#8221;url:%2Fca%2Fcontacte%2F&#8221;][vc_empty_space height=&#8221;122px&#8221;][\/vc_column][\/vc_row][vc_row][vc_column][vc_empty_space height=&#8221;82px&#8221;][\/vc_column][\/vc_row]<\/p>\n<\/div>","protected":false},"excerpt":{"rendered":"<p>[vc_row full_width=&#8221;stretch_row_content&#8221; parallax=&#8221;content-moving&#8221; parallax_image=&#8221;31&#8243;][vc_column css=&#8221;.vc_custom_1675687853675{background-color: rgba(2,2,2,0.17) !important;*background-color: rgb(2,2,2) !important;}&#8221; offset=&#8221;vc_hidden-sm vc_hidden-xs&#8221;][vc_column_text css=&#8221;.vc_custom_1675684326199{padding-left: 12% !important;}&#8221;] Valora el teu immoble [\/vc_column_text][\/vc_column][\/vc_row][vc_row full_width=&#8221;stretch_row_content&#8221; parallax=&#8221;content-moving&#8221; parallax_image=&#8221;31&#8243;][vc_column css=&#8221;.vc_custom_1675687863682{background-color: rgba(2,2,2,0.17) !important;*background-color: rgb(2,2,2) !important;}&#8221; offset=&#8221;vc_hidden-lg vc_hidden-md&#8221;][vc_column_text] Valora el teu immoble [\/vc_column_text][\/vc_column][\/vc_row][vc_row][vc_column][vc_empty_space][\/vc_column][\/vc_row][vc_row gap=&#8221;35&#8243;][vc_column width=&#8221;1\/2&#8243;][vc_column_text] Aconsegueix una taxaci\u00f3 del teu immoble en l\u00ednia i t&#8217;ajudem en tot el proc\u00e9s de gesti\u00f3 immobili\u00e0ria, tenint en&hellip;&nbsp;<a href=\"https:\/\/valoremelseuimmoble.com\/ca\/valora-el-teu-immoble\/\" rel=\"bookmark\">Read More &raquo;<span class=\"screen-reader-text\">Valora el teu immoble<\/span><\/a><\/p>\n","protected":false},"author":1,"featured_media":0,"parent":0,"menu_order":0,"comment_status":"closed","ping_status":"closed","template":"","meta":{"neve_meta_sidebar":"","neve_meta_container":"","neve_meta_enable_content_width":"off","neve_meta_content_width":100,"neve_meta_title_alignment":"","neve_meta_author_avatar":"","neve_post_elements_order":"","neve_meta_disable_header":"","neve_meta_disable_footer":"","neve_meta_disable_title":"on","neve_meta_reading_time":"","footnotes":""},"class_list":["post-194","page","type-page","status-publish","hentry"],"yoast_head":"<!-- This site is optimized with the Yoast SEO plugin v26.7 - https:\/\/yoast.com\/wordpress\/plugins\/seo\/ -->\n<title>Valoraci\u00f3n de inmuebles - FINCAMPS<\/title>\n<meta name=\"description\" content=\"Valoraci\u00f3n y tasaci\u00f3n de inmuebles online con comparaci\u00f3n de inmuebles de caracter\u00edsticas similares de la zona, an\u00e1lisis de precios de mercado y estimaci\u00f3n de precio\" \/>\n<meta name=\"robots\" content=\"index, follow, max-snippet:-1, max-image-preview:large, max-video-preview:-1\" \/>\n<link rel=\"canonical\" href=\"https:\/\/valoremelseuimmoble.com\/ca\/valora-el-teu-immoble\/\" \/>\n<meta property=\"og:locale\" content=\"ca_ES\" \/>\n<meta property=\"og:type\" content=\"article\" \/>\n<meta property=\"og:title\" content=\"Valoraci\u00f3n de inmuebles - FINCAMPS\" \/>\n<meta property=\"og:description\" content=\"Valoraci\u00f3n y tasaci\u00f3n de inmuebles online con comparaci\u00f3n de inmuebles de caracter\u00edsticas similares de la zona, an\u00e1lisis de precios de mercado y estimaci\u00f3n de precio\" \/>\n<meta property=\"og:url\" content=\"https:\/\/valoremelseuimmoble.com\/ca\/valora-el-teu-immoble\/\" \/>\n<meta property=\"og:site_name\" content=\"Fincamps\" \/>\n<meta property=\"article:modified_time\" content=\"2023-03-03T12:40:16+00:00\" \/>\n<meta name=\"twitter:card\" content=\"summary_large_image\" \/>\n<meta name=\"twitter:label1\" content=\"Temps estimat de lectura\" \/>\n\t<meta name=\"twitter:data1\" content=\"1 minut\" \/>\n<script type=\"application\/ld+json\" class=\"yoast-schema-graph\">{\"@context\":\"https:\/\/schema.org\",\"@graph\":[{\"@type\":\"WebPage\",\"@id\":\"https:\/\/valoremelseuimmoble.com\/ca\/valora-el-teu-immoble\/\",\"url\":\"https:\/\/valoremelseuimmoble.com\/ca\/valora-el-teu-immoble\/\",\"name\":\"Valoraci\u00f3n de inmuebles - FINCAMPS\",\"isPartOf\":{\"@id\":\"https:\/\/valoremelseuimmoble.com\/#website\"},\"datePublished\":\"2023-02-06T10:57:42+00:00\",\"dateModified\":\"2023-03-03T12:40:16+00:00\",\"description\":\"Valoraci\u00f3n y tasaci\u00f3n de inmuebles online con comparaci\u00f3n de inmuebles de caracter\u00edsticas similares de la zona, an\u00e1lisis de precios de mercado y estimaci\u00f3n de precio\",\"breadcrumb\":{\"@id\":\"https:\/\/valoremelseuimmoble.com\/ca\/valora-el-teu-immoble\/#breadcrumb\"},\"inLanguage\":\"ca\",\"potentialAction\":[{\"@type\":\"ReadAction\",\"target\":[\"https:\/\/valoremelseuimmoble.com\/ca\/valora-el-teu-immoble\/\"]}]},{\"@type\":\"BreadcrumbList\",\"@id\":\"https:\/\/valoremelseuimmoble.com\/ca\/valora-el-teu-immoble\/#breadcrumb\",\"itemListElement\":[{\"@type\":\"ListItem\",\"position\":1,\"name\":\"Portada\",\"item\":\"https:\/\/valoremelseuimmoble.com\/\"},{\"@type\":\"ListItem\",\"position\":2,\"name\":\"Valora el teu immoble\"}]},{\"@type\":\"WebSite\",\"@id\":\"https:\/\/valoremelseuimmoble.com\/#website\",\"url\":\"https:\/\/valoremelseuimmoble.com\/\",\"name\":\"Fincamps\",\"description\":\"Especialistas en valoraciones y asesoramiento inmobiliario\",\"potentialAction\":[{\"@type\":\"SearchAction\",\"target\":{\"@type\":\"EntryPoint\",\"urlTemplate\":\"https:\/\/valoremelseuimmoble.com\/?s={search_term_string}\"},\"query-input\":{\"@type\":\"PropertyValueSpecification\",\"valueRequired\":true,\"valueName\":\"search_term_string\"}}],\"inLanguage\":\"ca\"}]}<\/script>\n<!-- \/ Yoast SEO plugin. -->","yoast_head_json":{"title":"Valoraci\u00f3n de inmuebles - FINCAMPS","description":"Valoraci\u00f3n y tasaci\u00f3n de inmuebles online con comparaci\u00f3n de inmuebles de caracter\u00edsticas similares de la zona, an\u00e1lisis de precios de mercado y estimaci\u00f3n de precio","robots":{"index":"index","follow":"follow","max-snippet":"max-snippet:-1","max-image-preview":"max-image-preview:large","max-video-preview":"max-video-preview:-1"},"canonical":"https:\/\/valoremelseuimmoble.com\/ca\/valora-el-teu-immoble\/","og_locale":"ca_ES","og_type":"article","og_title":"Valoraci\u00f3n de inmuebles - FINCAMPS","og_description":"Valoraci\u00f3n y tasaci\u00f3n de inmuebles online con comparaci\u00f3n de inmuebles de caracter\u00edsticas similares de la zona, an\u00e1lisis de precios de mercado y estimaci\u00f3n de precio","og_url":"https:\/\/valoremelseuimmoble.com\/ca\/valora-el-teu-immoble\/","og_site_name":"Fincamps","article_modified_time":"2023-03-03T12:40:16+00:00","twitter_card":"summary_large_image","twitter_misc":{"Temps estimat de lectura":"1 minut"},"schema":{"@context":"https:\/\/schema.org","@graph":[{"@type":"WebPage","@id":"https:\/\/valoremelseuimmoble.com\/ca\/valora-el-teu-immoble\/","url":"https:\/\/valoremelseuimmoble.com\/ca\/valora-el-teu-immoble\/","name":"Valoraci\u00f3n de inmuebles - FINCAMPS","isPartOf":{"@id":"https:\/\/valoremelseuimmoble.com\/#website"},"datePublished":"2023-02-06T10:57:42+00:00","dateModified":"2023-03-03T12:40:16+00:00","description":"Valoraci\u00f3n y tasaci\u00f3n de inmuebles online con comparaci\u00f3n de inmuebles de caracter\u00edsticas similares de la zona, an\u00e1lisis de precios de mercado y estimaci\u00f3n de precio","breadcrumb":{"@id":"https:\/\/valoremelseuimmoble.com\/ca\/valora-el-teu-immoble\/#breadcrumb"},"inLanguage":"ca","potentialAction":[{"@type":"ReadAction","target":["https:\/\/valoremelseuimmoble.com\/ca\/valora-el-teu-immoble\/"]}]},{"@type":"BreadcrumbList","@id":"https:\/\/valoremelseuimmoble.com\/ca\/valora-el-teu-immoble\/#breadcrumb","itemListElement":[{"@type":"ListItem","position":1,"name":"Portada","item":"https:\/\/valoremelseuimmoble.com\/"},{"@type":"ListItem","position":2,"name":"Valora el teu immoble"}]},{"@type":"WebSite","@id":"https:\/\/valoremelseuimmoble.com\/#website","url":"https:\/\/valoremelseuimmoble.com\/","name":"Fincamps","description":"Especialistas en valoraciones y asesoramiento inmobiliario","potentialAction":[{"@type":"SearchAction","target":{"@type":"EntryPoint","urlTemplate":"https:\/\/valoremelseuimmoble.com\/?s={search_term_string}"},"query-input":{"@type":"PropertyValueSpecification","valueRequired":true,"valueName":"search_term_string"}}],"inLanguage":"ca"}]}},"_links":{"self":[{"href":"https:\/\/valoremelseuimmoble.com\/ca\/wp-json\/wp\/v2\/pages\/194","targetHints":{"allow":["GET"]}}],"collection":[{"href":"https:\/\/valoremelseuimmoble.com\/ca\/wp-json\/wp\/v2\/pages"}],"about":[{"href":"https:\/\/valoremelseuimmoble.com\/ca\/wp-json\/wp\/v2\/types\/page"}],"author":[{"embeddable":true,"href":"https:\/\/valoremelseuimmoble.com\/ca\/wp-json\/wp\/v2\/users\/1"}],"replies":[{"embeddable":true,"href":"https:\/\/valoremelseuimmoble.com\/ca\/wp-json\/wp\/v2\/comments?post=194"}],"version-history":[{"count":9,"href":"https:\/\/valoremelseuimmoble.com\/ca\/wp-json\/wp\/v2\/pages\/194\/revisions"}],"predecessor-version":[{"id":289,"href":"https:\/\/valoremelseuimmoble.com\/ca\/wp-json\/wp\/v2\/pages\/194\/revisions\/289"}],"wp:attachment":[{"href":"https:\/\/valoremelseuimmoble.com\/ca\/wp-json\/wp\/v2\/media?parent=194"}],"curies":[{"name":"wp","href":"https:\/\/api.w.org\/{rel}","templated":true}]}}